{"id":20419,"date":"2023-10-25T06:25:14","date_gmt":"2023-10-25T04:25:14","guid":{"rendered":"https:\/\/vorumaa.metsauhistu.ee\/?page_id=20419"},"modified":"2025-09-29T10:13:41","modified_gmt":"2025-09-29T08:13:41","slug":"contacts","status":"publish","type":"page","link":"https:\/\/vorumaa.metsauhistu.ee\/en\/contacts\/","title":{"rendered":"Contacts"},"content":{"rendered":"\n<div class=\"wp-block-group kontakt-google-maps\"><div class=\"wp-block-group__inner-container is-layout-flow wp-block-group-is-layout-flow\">\n<div class=\"wp-block-columns is-layout-flex wp-container-core-columns-is-layout-1 wp-block-columns-is-layout-flex\">\n<div class=\"wp-block-column is-layout-flow wp-block-column-is-layout-flow\" style=\"flex-basis:40%\">\n<div style=\"height:40px\" aria-hidden=\"true\" class=\"wp-block-spacer\"><\/div>\n\n\n\n<figure class=\"wp-block-image size-large is-resized\"><img decoding=\"async\" src=\"http:\/\/vorumaa.metsauhistu.ee\/wp-content\/uploads\/sites\/10\/2020\/06\/MU\u0308_Vo\u0303rumaa_logo_ccc.svg\" alt=\"\" class=\"wp-image-18901\" style=\"width:300px;height:34px\"\/><\/figure>\n\n\n\n<div style=\"height:20px\" aria-hidden=\"true\" class=\"wp-block-spacer\"><\/div>\n\n\n\n<p><strong>V\u00f5rumaa Metsa\u00fchistu MT\u00dc<\/strong><\/p>\n\n\n\n<p><strong>Address:<\/strong> Pikk 4, V\u00f5ru<\/p>\n\n\n\n<p>Opening hours:<br>Mon-Fri: 9:00 \u2013 16:00<br>Lunch break: 12:00 \u2013 12:30<\/p>\n\n\n\n<p><strong>Phone:<\/strong> +372 522 9424<br><strong>E-mail:<\/strong> <strong><a href=\"mailto:vorumaa@metsauhistu.ee\">vorumaa@metsauhistu.ee<\/a><\/strong><br><strong>FB:<\/strong> <a href=\"http:\/\/facebook.com\/vorumaa.metsauhistu\"><strong>facebook.com\/vorumaa.metsauhistu<\/strong><\/a><\/p>\n\n\n\n<p><strong>Requisites:<\/strong><br>Registry code: 80037431<br>KMKR No: EE100425226<br>SEB: EE061010220030982010<\/p>\n<\/div>\n\n\n\n<div class=\"wp-block-column is-layout-flow wp-block-column-is-layout-flow\">\n<div style=\"height:40px\" aria-hidden=\"true\" class=\"wp-block-spacer\"><\/div>\n\n\n<style>\n    .google-maps-init {\n        display: block;\n        width: 100%;\n        height: 40rem;\n    }\n<\/style>\n<div class=\"gmaps\">\n    <div id=\"google_maps_6a05b4e9164bf\" class=\"google-maps-init\"><\/div>\n<\/div>\n<script>\n    (function () {\n        if (document.readyState === 'complete') {\n            initMap();\n        }\n\n        const interval = setInterval(function () {\n            if (document.readyState === 'complete') {\n                clearInterval(interval);\n                initMap();\n            }\n        }, 100);\n\n        function initMap() {\n            GoogleMapsLoader.init(function () {\n                const mapEl     = document.getElementById('google_maps_6a05b4e9164bf');\n                const x         = 57.841346;\n                const y         = 27.025548;\n                const mapCenter = new google.maps.LatLng(x, y);\n                const map       = new google.maps.Map(mapEl, {\n                    center: mapCenter,\n                    disableDefaultUI: true,\n                    zoomControl: true,\n                    fullscreenControl: true,\n                    zoom: 16,\n                    styles: [\n                        {\n                            \"elementType\": \"labels.icon\",\n                            \"stylers\": [\n                                {\n                                    \"visibility\": \"off\"\n                                }\n                            ]\n                        },\n                    ]\n                });\n\n                new google.maps.Marker({\n                    position: mapCenter,\n                    map: map,\n                    disableDefaultUI: true,\n                    icon: {\n                        \/\/todo: vaheta see v\u00e4lja peale LIVE panekut.\n                        url: '\/wp-content\/themes\/metsauhistu\/dist\/images\/pin.svg',\n                        origin: new google.maps.Point(0, 0)\n                    },\n                });\n            });\n        }\n    })();\n<\/script>\n\n<\/div>\n<\/div>\n<\/div><\/div>\n\n\n\n<div class=\"wp-block-columns is-layout-flex wp-container-core-columns-is-layout-2 wp-block-columns-is-layout-flex\">\n<div class=\"wp-block-column is-layout-flow wp-block-column-is-layout-flow\">\n<div class=\"wp-block-group kontakti-kaart\"><div class=\"wp-block-group__inner-container is-layout-flow wp-block-group-is-layout-flow\">\n<figure class=\"wp-block-image size-large\"><img loading=\"lazy\" decoding=\"async\" width=\"892\" height=\"594\" src=\"https:\/\/vorumaa.metsauhistu.ee\/wp-content\/uploads\/sites\/10\/2021\/02\/erki-sok-vorumaa-metsauhistu.jpg\" alt=\"Erki Sok. V\u00f5rumaa Metsa\u00fchistu\" class=\"wp-image-19641\" srcset=\"https:\/\/vorumaa.metsauhistu.ee\/wp-content\/uploads\/sites\/10\/2021\/02\/erki-sok-vorumaa-metsauhistu.jpg 892w, https:\/\/vorumaa.metsauhistu.ee\/wp-content\/uploads\/sites\/10\/2021\/02\/erki-sok-vorumaa-metsauhistu-300x200.jpg 300w, https:\/\/vorumaa.metsauhistu.ee\/wp-content\/uploads\/sites\/10\/2021\/02\/erki-sok-vorumaa-metsauhistu-768x511.jpg 768w\" sizes=\"(max-width: 892px) 100vw, 892px\" \/><\/figure>\n\n\n\n<h4 class=\"wp-block-heading\">Erki Sok<\/h4>\n\n\n\n<p class=\"has-small-font-size\"><em>CEO<br>General management<\/em><\/p>\n\n\n\n<p>+372 522 9424<\/p>\n\n\n\n<p><strong><a href=\"mailto:erki.sok@metsauhistu.ee\">erki.sok@metsauhistu.ee<\/a><\/strong><\/p>\n<\/div><\/div>\n<\/div>\n\n\n\n<div class=\"wp-block-column is-layout-flow wp-block-column-is-layout-flow\">\n<div class=\"wp-block-group kontakti-kaart\"><div class=\"wp-block-group__inner-container is-layout-flow wp-block-group-is-layout-flow\">\n<figure class=\"wp-block-image size-large\"><img loading=\"lazy\" decoding=\"async\" width=\"892\" height=\"594\" src=\"https:\/\/vorumaa.metsauhistu.ee\/wp-content\/uploads\/sites\/10\/2021\/02\/ilmar-ait-vorumaa-metsauhistu.jpg\" alt=\"Ilmar Ait. V\u00f5rumaa Metsa\u00fchistu\" class=\"wp-image-19643\" srcset=\"https:\/\/vorumaa.metsauhistu.ee\/wp-content\/uploads\/sites\/10\/2021\/02\/ilmar-ait-vorumaa-metsauhistu.jpg 892w, https:\/\/vorumaa.metsauhistu.ee\/wp-content\/uploads\/sites\/10\/2021\/02\/ilmar-ait-vorumaa-metsauhistu-300x200.jpg 300w, https:\/\/vorumaa.metsauhistu.ee\/wp-content\/uploads\/sites\/10\/2021\/02\/ilmar-ait-vorumaa-metsauhistu-768x511.jpg 768w\" sizes=\"(max-width: 892px) 100vw, 892px\" \/><\/figure>\n\n\n\n<h4 class=\"wp-block-heading\">Ilmar Ait<\/h4>\n\n\n\n<p class=\"has-small-font-size\"><em>Forester<br>Forestry work<\/em><\/p>\n\n\n\n<p>+372 5302 0544<\/p>\n\n\n\n<p><strong><a href=\"mailto:ilmar.ait@metsauhistu.ee\">ilmar.ait@metsauhistu.ee<\/a><\/strong><\/p>\n<\/div><\/div>\n<\/div>\n\n\n\n<div class=\"wp-block-column is-layout-flow wp-block-column-is-layout-flow\">\n<div class=\"wp-block-group kontakti-kaart\"><div class=\"wp-block-group__inner-container is-layout-flow wp-block-group-is-layout-flow\">\n<figure class=\"wp-block-image size-large\"><img loading=\"lazy\" decoding=\"async\" width=\"892\" height=\"594\" src=\"https:\/\/vorumaa.metsauhistu.ee\/wp-content\/uploads\/sites\/10\/2021\/02\/aarne-volkov-vorumaa-metsauhistu.jpg\" alt=\"Aarne Volkov. V\u00f5rumaa Metsa\u00fchistu\" class=\"wp-image-19645\" srcset=\"https:\/\/vorumaa.metsauhistu.ee\/wp-content\/uploads\/sites\/10\/2021\/02\/aarne-volkov-vorumaa-metsauhistu.jpg 892w, https:\/\/vorumaa.metsauhistu.ee\/wp-content\/uploads\/sites\/10\/2021\/02\/aarne-volkov-vorumaa-metsauhistu-300x200.jpg 300w, https:\/\/vorumaa.metsauhistu.ee\/wp-content\/uploads\/sites\/10\/2021\/02\/aarne-volkov-vorumaa-metsauhistu-768x511.jpg 768w\" sizes=\"(max-width: 892px) 100vw, 892px\" \/><\/figure>\n\n\n\n<h4 class=\"wp-block-heading\">Aarne Volkov<\/h4>\n\n\n\n<p class=\"has-small-font-size\"><em>Forestry consultant<br>Sales auctions<\/em><\/p>\n\n\n\n<p>+372 529 9841<\/p>\n\n\n\n<p><strong><a href=\"mailto:aarne.volkov@metsauhistu.ee\">aarne.volkov@metsauhistu.ee<\/a><\/strong><\/p>\n<\/div><\/div>\n<\/div>\n<\/div>\n\n\n\n<div class=\"wp-block-columns is-layout-flex wp-container-core-columns-is-layout-3 wp-block-columns-is-layout-flex\">\n<div class=\"wp-block-column is-layout-flow wp-block-column-is-layout-flow\">\n<div class=\"wp-block-group kontakti-kaart\"><div class=\"wp-block-group__inner-container is-layout-flow wp-block-group-is-layout-flow\">\n<figure class=\"wp-block-image size-large\"><img loading=\"lazy\" decoding=\"async\" width=\"892\" height=\"594\" src=\"https:\/\/vorumaa.metsauhistu.ee\/wp-content\/uploads\/sites\/10\/2021\/02\/aavo-saks-vorumaa-metsauhistu.jpg\" alt=\"Aavo Saks. V\u00f5rumaa Metsa\u00fchistu\" class=\"wp-image-19647\" srcset=\"https:\/\/vorumaa.metsauhistu.ee\/wp-content\/uploads\/sites\/10\/2021\/02\/aavo-saks-vorumaa-metsauhistu.jpg 892w, https:\/\/vorumaa.metsauhistu.ee\/wp-content\/uploads\/sites\/10\/2021\/02\/aavo-saks-vorumaa-metsauhistu-300x200.jpg 300w, https:\/\/vorumaa.metsauhistu.ee\/wp-content\/uploads\/sites\/10\/2021\/02\/aavo-saks-vorumaa-metsauhistu-768x511.jpg 768w\" sizes=\"(max-width: 892px) 100vw, 892px\" \/><\/figure>\n\n\n\n<h4 class=\"wp-block-heading\">Aavo Saks<\/h4>\n\n\n\n<p class=\"has-small-font-size\"><em>Forestry consultant<\/em><\/p>\n\n\n\n<p>+372 518 5587<\/p>\n\n\n\n<p><strong><a href=\"mailto:aavo.saks@metsauhistu.ee\">aavo.saks@metsauhistu.ee<\/a><\/strong><\/p>\n\n\n\n<p><\/p>\n<\/div><\/div>\n<\/div>\n\n\n\n<div class=\"wp-block-column is-layout-flow wp-block-column-is-layout-flow\">\n<div class=\"wp-block-group kontakti-kaart\"><div class=\"wp-block-group__inner-container is-layout-flow wp-block-group-is-layout-flow\">\n<figure class=\"wp-block-image size-full\"><img loading=\"lazy\" decoding=\"async\" width=\"892\" height=\"594\" src=\"https:\/\/vorumaa.metsauhistu.ee\/wp-content\/uploads\/sites\/10\/2025\/09\/karl-gustav-sok-vorumaa-metsauhistu.jpg\" alt=\"Karl-Gustav Sok. V\u00f5rumaa Metsa\u00fchistu\" class=\"wp-image-21242\" srcset=\"https:\/\/vorumaa.metsauhistu.ee\/wp-content\/uploads\/sites\/10\/2025\/09\/karl-gustav-sok-vorumaa-metsauhistu.jpg 892w, https:\/\/vorumaa.metsauhistu.ee\/wp-content\/uploads\/sites\/10\/2025\/09\/karl-gustav-sok-vorumaa-metsauhistu-300x200.jpg 300w, https:\/\/vorumaa.metsauhistu.ee\/wp-content\/uploads\/sites\/10\/2025\/09\/karl-gustav-sok-vorumaa-metsauhistu-768x511.jpg 768w\" sizes=\"(max-width: 892px) 100vw, 892px\" \/><\/figure>\n\n\n\n<h4 class=\"wp-block-heading\">Karl-Gustav Sok<\/h4>\n\n\n\n<p class=\"has-small-font-size\"><em>Forester<\/em><\/p>\n\n\n\n<p>+372 5850 1535<\/p>\n\n\n\n<p><strong><a href=\"mailto:karlgustav@metsauhistu.ee\">karlgustav@metsauhistu.ee<\/a><\/strong><\/p>\n<\/div><\/div>\n\n\n\n<p><\/p>\n<\/div>\n\n\n\n<div class=\"wp-block-column is-layout-flow wp-block-column-is-layout-flow\">\n<div class=\"wp-block-group kontakti-kaart\"><div class=\"wp-block-group__inner-container is-layout-flow wp-block-group-is-layout-flow\">\n<figure class=\"wp-block-image size-large\"><img loading=\"lazy\" decoding=\"async\" width=\"892\" height=\"594\" src=\"https:\/\/vorumaa.metsauhistu.ee\/wp-content\/uploads\/sites\/10\/2021\/02\/aigar-saks-vorumaa-metsauhistu.jpg\" alt=\"Aigar Paas. V\u00f5rumaa Metsa\u00fchistu\" class=\"wp-image-19648\" srcset=\"https:\/\/vorumaa.metsauhistu.ee\/wp-content\/uploads\/sites\/10\/2021\/02\/aigar-saks-vorumaa-metsauhistu.jpg 892w, https:\/\/vorumaa.metsauhistu.ee\/wp-content\/uploads\/sites\/10\/2021\/02\/aigar-saks-vorumaa-metsauhistu-300x200.jpg 300w, https:\/\/vorumaa.metsauhistu.ee\/wp-content\/uploads\/sites\/10\/2021\/02\/aigar-saks-vorumaa-metsauhistu-768x511.jpg 768w\" sizes=\"(max-width: 892px) 100vw, 892px\" \/><\/figure>\n\n\n\n<h4 class=\"wp-block-heading\">Aigar Paas<\/h4>\n\n\n\n<p class=\"has-small-font-size\"><em><em>Chairman of the Board<\/em><\/em><\/p>\n\n\n\n<p>+372 529 9828<\/p>\n\n\n\n<p><strong><a href=\"mailto:aigar.paas@metsauhistu.ee\">aigar.paas@metsauhistu.ee<\/a><\/strong><\/p>\n<\/div><\/div>\n<\/div>\n<\/div>\n\n\n\n<div class=\"wp-block-columns is-layout-flex wp-container-core-columns-is-layout-4 wp-block-columns-is-layout-flex\">\n<div class=\"wp-block-column is-layout-flow wp-block-column-is-layout-flow\">\n<div class=\"wp-block-group kontakti-kaart\"><div class=\"wp-block-group__inner-container is-layout-flow wp-block-group-is-layout-flow\">\n<figure class=\"wp-block-image size-large\"><img loading=\"lazy\" decoding=\"async\" width=\"892\" height=\"594\" src=\"https:\/\/vorumaa.metsauhistu.ee\/wp-content\/uploads\/sites\/10\/2021\/02\/ruta-partsioja-vorumaa-metsauhistu.jpg\" alt=\"Ruta Partsioja. V\u00f5rumaa Metsa\u00fchistu\" class=\"wp-image-19649\" srcset=\"https:\/\/vorumaa.metsauhistu.ee\/wp-content\/uploads\/sites\/10\/2021\/02\/ruta-partsioja-vorumaa-metsauhistu.jpg 892w, https:\/\/vorumaa.metsauhistu.ee\/wp-content\/uploads\/sites\/10\/2021\/02\/ruta-partsioja-vorumaa-metsauhistu-300x200.jpg 300w, https:\/\/vorumaa.metsauhistu.ee\/wp-content\/uploads\/sites\/10\/2021\/02\/ruta-partsioja-vorumaa-metsauhistu-768x511.jpg 768w\" sizes=\"(max-width: 892px) 100vw, 892px\" \/><\/figure>\n\n\n\n<h4 class=\"wp-block-heading\">Ruta Partsioja<\/h4>\n\n\n\n<p class=\"has-small-font-size\"><em>Accountant<\/em><\/p>\n\n\n\n<p>+372 5308 2680<\/p>\n\n\n\n<p><strong><a href=\"mailto:vorumaa@metsauhistu.ee\">vorumaa@metsauhistu.ee<\/a><\/strong><\/p>\n<\/div><\/div>\n\n\n\n<p><\/p>\n<\/div>\n\n\n\n<div class=\"wp-block-column is-layout-flow wp-block-column-is-layout-flow\"><\/div>\n\n\n\n<div class=\"wp-block-column is-layout-flow wp-block-column-is-layout-flow\"><\/div>\n<\/div>\n","protected":false},"excerpt":{"rendered":"<p>V\u00f5rumaa Metsa\u00fchistu MT\u00dc Address: Pikk 4, V\u00f5ru Opening hours:Mon-Fri: 9:00 \u2013 16:00Lunch break: 12:00 \u2013 12:30 Phone: +372 522 9424E-mail: vorumaa@metsauhistu.eeFB: facebook.com\/vorumaa.metsauhistu Requisites:Registry code: 80037431KMKR No: EE100425226SEB: EE061010220030982010 Erki Sok CEOGeneral management +372 522 9424 erki.sok@metsauhistu.ee Ilmar Ait ForesterForestry work +372 5302 0544 ilmar.ait@metsauhistu.ee Aarne Volkov Forestry consultantSales auctions +372 529 9841 aarne.volkov@metsauhistu.ee Aavo Saks &hellip; <a href=\"https:\/\/vorumaa.metsauhistu.ee\/en\/contacts\/\">J\u00e4tkub<\/a><\/p>\n","protected":false},"author":3,"featured_media":0,"parent":0,"menu_order":27,"comment_status":"open","ping_status":"open","template":"template-custom.php","meta":{"inline_featured_image":false,"_lmt_disableupdate":"","_lmt_disable":"","_themeisle_gutenberg_block_has_review":false,"footnotes":""},"class_list":["post-20419","page","type-page","status-publish","hentry"],"acf":{"post_custom_id":"","image":false,"peida_otsingus":false},"yoast_head":"<!-- This site is optimized with the Yoast SEO plugin v23.3 - https:\/\/yoast.com\/wordpress\/plugins\/seo\/ -->\n<title>Contacts - V\u00f5rumaa Metsa\u00fchistu<\/title>\n<meta name=\"robots\" content=\"index, follow, max-snippet:-1, max-image-preview:large, max-video-preview:-1\" \/>\n<link rel=\"canonical\" href=\"https:\/\/vorumaa.metsauhistu.ee\/en\/contacts\/\" \/>\n<meta property=\"og:locale\" content=\"en_US\" \/>\n<meta property=\"og:type\" content=\"article\" \/>\n<meta property=\"og:title\" content=\"Contacts - V\u00f5rumaa Metsa\u00fchistu\" \/>\n<meta property=\"og:description\" content=\"V\u00f5rumaa Metsa\u00fchistu MT\u00dc Address: Pikk 4, V\u00f5ru Opening hours:Mon-Fri: 9:00 \u2013 16:00Lunch break: 12:00 \u2013 12:30 Phone: +372 522 9424E-mail: vorumaa@metsauhistu.eeFB: facebook.com\/vorumaa.metsauhistu Requisites:Registry code: 80037431KMKR No: EE100425226SEB: EE061010220030982010 Erki Sok CEOGeneral management +372 522 9424 erki.sok@metsauhistu.ee Ilmar Ait ForesterForestry work +372 5302 0544 ilmar.ait@metsauhistu.ee Aarne Volkov Forestry consultantSales auctions +372 529 9841 aarne.volkov@metsauhistu.ee Aavo Saks &hellip; J\u00e4tkub\" \/>\n<meta property=\"og:url\" content=\"https:\/\/vorumaa.metsauhistu.ee\/en\/contacts\/\" \/>\n<meta property=\"og:site_name\" content=\"V\u00f5rumaa Metsa\u00fchistu\" \/>\n<meta property=\"article:publisher\" content=\"http:\/\/facebook.com\/vorumaa.metsauhistu\" \/>\n<meta property=\"article:modified_time\" content=\"2025-09-29T08:13:41+00:00\" \/>\n<meta property=\"og:image\" content=\"https:\/\/vorumaa.metsauhistu.ee\/wp-content\/uploads\/sites\/10\/2021\/02\/erki-sok-vorumaa-metsauhistu.jpg\" \/>\n<meta name=\"twitter:card\" content=\"summary_large_image\" \/>\n<meta name=\"twitter:label1\" content=\"Est. reading time\" \/>\n\t<meta name=\"twitter:data1\" content=\"3 minutes\" \/>\n<script type=\"application\/ld+json\" class=\"yoast-schema-graph\">{\"@context\":\"https:\/\/schema.org\",\"@graph\":[{\"@type\":\"WebPage\",\"@id\":\"https:\/\/vorumaa.metsauhistu.ee\/en\/contacts\/\",\"url\":\"https:\/\/vorumaa.metsauhistu.ee\/en\/contacts\/\",\"name\":\"Contacts - V\u00f5rumaa Metsa\u00fchistu\",\"isPartOf\":{\"@id\":\"https:\/\/vorumaa.metsauhistu.ee\/en\/#website\"},\"primaryImageOfPage\":{\"@id\":\"https:\/\/vorumaa.metsauhistu.ee\/en\/contacts\/#primaryimage\"},\"image\":{\"@id\":\"https:\/\/vorumaa.metsauhistu.ee\/en\/contacts\/#primaryimage\"},\"thumbnailUrl\":\"https:\/\/vorumaa.metsauhistu.ee\/wp-content\/uploads\/sites\/10\/2021\/02\/erki-sok-vorumaa-metsauhistu.jpg\",\"datePublished\":\"2023-10-25T04:25:14+00:00\",\"dateModified\":\"2025-09-29T08:13:41+00:00\",\"breadcrumb\":{\"@id\":\"https:\/\/vorumaa.metsauhistu.ee\/en\/contacts\/#breadcrumb\"},\"inLanguage\":\"en-US\",\"potentialAction\":[{\"@type\":\"ReadAction\",\"target\":[\"https:\/\/vorumaa.metsauhistu.ee\/en\/contacts\/\"]}]},{\"@type\":\"ImageObject\",\"inLanguage\":\"en-US\",\"@id\":\"https:\/\/vorumaa.metsauhistu.ee\/en\/contacts\/#primaryimage\",\"url\":\"https:\/\/vorumaa.metsauhistu.ee\/wp-content\/uploads\/sites\/10\/2021\/02\/erki-sok-vorumaa-metsauhistu.jpg\",\"contentUrl\":\"https:\/\/vorumaa.metsauhistu.ee\/wp-content\/uploads\/sites\/10\/2021\/02\/erki-sok-vorumaa-metsauhistu.jpg\"},{\"@type\":\"BreadcrumbList\",\"@id\":\"https:\/\/vorumaa.metsauhistu.ee\/en\/contacts\/#breadcrumb\",\"itemListElement\":[{\"@type\":\"ListItem\",\"position\":1,\"name\":\"Home\",\"item\":\"https:\/\/vorumaa.metsauhistu.ee\/en\/\"},{\"@type\":\"ListItem\",\"position\":2,\"name\":\"Contacts\"}]},{\"@type\":\"WebSite\",\"@id\":\"https:\/\/vorumaa.metsauhistu.ee\/en\/#website\",\"url\":\"https:\/\/vorumaa.metsauhistu.ee\/en\/\",\"name\":\"V\u00f5rumaa Metsa\u00fchistu\",\"description\":\"Majandame metsa \u00fcheskoos vastutustundlikult\",\"publisher\":{\"@id\":\"https:\/\/vorumaa.metsauhistu.ee\/en\/#organization\"},\"potentialAction\":[{\"@type\":\"SearchAction\",\"target\":{\"@type\":\"EntryPoint\",\"urlTemplate\":\"https:\/\/vorumaa.metsauhistu.ee\/en\/?s={search_term_string}\"},\"query-input\":\"required name=search_term_string\"}],\"inLanguage\":\"en-US\"},{\"@type\":\"Organization\",\"@id\":\"https:\/\/vorumaa.metsauhistu.ee\/en\/#organization\",\"name\":\"V\u00f5rumaa Metsa\u00fchistu\",\"url\":\"https:\/\/vorumaa.metsauhistu.ee\/en\/\",\"logo\":{\"@type\":\"ImageObject\",\"inLanguage\":\"en-US\",\"@id\":\"https:\/\/vorumaa.metsauhistu.ee\/en\/#\/schema\/logo\/image\/\",\"url\":\"https:\/\/vorumaa.metsauhistu.ee\/wp-content\/uploads\/sites\/10\/2024\/07\/MU_Vorumaa_logo_colour.png\",\"contentUrl\":\"https:\/\/vorumaa.metsauhistu.ee\/wp-content\/uploads\/sites\/10\/2024\/07\/MU_Vorumaa_logo_colour.png\",\"width\":995,\"height\":195,\"caption\":\"V\u00f5rumaa Metsa\u00fchistu\"},\"image\":{\"@id\":\"https:\/\/vorumaa.metsauhistu.ee\/en\/#\/schema\/logo\/image\/\"},\"sameAs\":[\"http:\/\/facebook.com\/vorumaa.metsauhistu\",\"https:\/\/www.instagram.com\/metsauhistu\/\",\"https:\/\/www.youtube.com\/@metsauhistu6878\"]}]}<\/script>\n<!-- \/ Yoast SEO plugin. -->","yoast_head_json":{"title":"Contacts - V\u00f5rumaa Metsa\u00fchistu","robots":{"index":"index","follow":"follow","max-snippet":"max-snippet:-1","max-image-preview":"max-image-preview:large","max-video-preview":"max-video-preview:-1"},"canonical":"https:\/\/vorumaa.metsauhistu.ee\/en\/contacts\/","og_locale":"en_US","og_type":"article","og_title":"Contacts - V\u00f5rumaa Metsa\u00fchistu","og_description":"V\u00f5rumaa Metsa\u00fchistu MT\u00dc Address: Pikk 4, V\u00f5ru Opening hours:Mon-Fri: 9:00 \u2013 16:00Lunch break: 12:00 \u2013 12:30 Phone: +372 522 9424E-mail: vorumaa@metsauhistu.eeFB: facebook.com\/vorumaa.metsauhistu Requisites:Registry code: 80037431KMKR No: EE100425226SEB: EE061010220030982010 Erki Sok CEOGeneral management +372 522 9424 erki.sok@metsauhistu.ee Ilmar Ait ForesterForestry work +372 5302 0544 ilmar.ait@metsauhistu.ee Aarne Volkov Forestry consultantSales auctions +372 529 9841 aarne.volkov@metsauhistu.ee Aavo Saks &hellip; J\u00e4tkub","og_url":"https:\/\/vorumaa.metsauhistu.ee\/en\/contacts\/","og_site_name":"V\u00f5rumaa Metsa\u00fchistu","article_publisher":"http:\/\/facebook.com\/vorumaa.metsauhistu","article_modified_time":"2025-09-29T08:13:41+00:00","og_image":[{"url":"https:\/\/vorumaa.metsauhistu.ee\/wp-content\/uploads\/sites\/10\/2021\/02\/erki-sok-vorumaa-metsauhistu.jpg"}],"twitter_card":"summary_large_image","twitter_misc":{"Est. reading time":"3 minutes"},"schema":{"@context":"https:\/\/schema.org","@graph":[{"@type":"WebPage","@id":"https:\/\/vorumaa.metsauhistu.ee\/en\/contacts\/","url":"https:\/\/vorumaa.metsauhistu.ee\/en\/contacts\/","name":"Contacts - V\u00f5rumaa Metsa\u00fchistu","isPartOf":{"@id":"https:\/\/vorumaa.metsauhistu.ee\/en\/#website"},"primaryImageOfPage":{"@id":"https:\/\/vorumaa.metsauhistu.ee\/en\/contacts\/#primaryimage"},"image":{"@id":"https:\/\/vorumaa.metsauhistu.ee\/en\/contacts\/#primaryimage"},"thumbnailUrl":"https:\/\/vorumaa.metsauhistu.ee\/wp-content\/uploads\/sites\/10\/2021\/02\/erki-sok-vorumaa-metsauhistu.jpg","datePublished":"2023-10-25T04:25:14+00:00","dateModified":"2025-09-29T08:13:41+00:00","breadcrumb":{"@id":"https:\/\/vorumaa.metsauhistu.ee\/en\/contacts\/#breadcrumb"},"inLanguage":"en-US","potentialAction":[{"@type":"ReadAction","target":["https:\/\/vorumaa.metsauhistu.ee\/en\/contacts\/"]}]},{"@type":"ImageObject","inLanguage":"en-US","@id":"https:\/\/vorumaa.metsauhistu.ee\/en\/contacts\/#primaryimage","url":"https:\/\/vorumaa.metsauhistu.ee\/wp-content\/uploads\/sites\/10\/2021\/02\/erki-sok-vorumaa-metsauhistu.jpg","contentUrl":"https:\/\/vorumaa.metsauhistu.ee\/wp-content\/uploads\/sites\/10\/2021\/02\/erki-sok-vorumaa-metsauhistu.jpg"},{"@type":"BreadcrumbList","@id":"https:\/\/vorumaa.metsauhistu.ee\/en\/contacts\/#breadcrumb","itemListElement":[{"@type":"ListItem","position":1,"name":"Home","item":"https:\/\/vorumaa.metsauhistu.ee\/en\/"},{"@type":"ListItem","position":2,"name":"Contacts"}]},{"@type":"WebSite","@id":"https:\/\/vorumaa.metsauhistu.ee\/en\/#website","url":"https:\/\/vorumaa.metsauhistu.ee\/en\/","name":"V\u00f5rumaa Metsa\u00fchistu","description":"Majandame metsa \u00fcheskoos vastutustundlikult","publisher":{"@id":"https:\/\/vorumaa.metsauhistu.ee\/en\/#organization"},"potentialAction":[{"@type":"SearchAction","target":{"@type":"EntryPoint","urlTemplate":"https:\/\/vorumaa.metsauhistu.ee\/en\/?s={search_term_string}"},"query-input":"required name=search_term_string"}],"inLanguage":"en-US"},{"@type":"Organization","@id":"https:\/\/vorumaa.metsauhistu.ee\/en\/#organization","name":"V\u00f5rumaa Metsa\u00fchistu","url":"https:\/\/vorumaa.metsauhistu.ee\/en\/","logo":{"@type":"ImageObject","inLanguage":"en-US","@id":"https:\/\/vorumaa.metsauhistu.ee\/en\/#\/schema\/logo\/image\/","url":"https:\/\/vorumaa.metsauhistu.ee\/wp-content\/uploads\/sites\/10\/2024\/07\/MU_Vorumaa_logo_colour.png","contentUrl":"https:\/\/vorumaa.metsauhistu.ee\/wp-content\/uploads\/sites\/10\/2024\/07\/MU_Vorumaa_logo_colour.png","width":995,"height":195,"caption":"V\u00f5rumaa Metsa\u00fchistu"},"image":{"@id":"https:\/\/vorumaa.metsauhistu.ee\/en\/#\/schema\/logo\/image\/"},"sameAs":["http:\/\/facebook.com\/vorumaa.metsauhistu","https:\/\/www.instagram.com\/metsauhistu\/","https:\/\/www.youtube.com\/@metsauhistu6878"]}]}},"_links":{"self":[{"href":"https:\/\/vorumaa.metsauhistu.ee\/en\/wp-json\/wp\/v2\/pages\/20419"}],"collection":[{"href":"https:\/\/vorumaa.metsauhistu.ee\/en\/wp-json\/wp\/v2\/pages"}],"about":[{"href":"https:\/\/vorumaa.metsauhistu.ee\/en\/wp-json\/wp\/v2\/types\/page"}],"author":[{"embeddable":true,"href":"https:\/\/vorumaa.metsauhistu.ee\/en\/wp-json\/wp\/v2\/users\/3"}],"replies":[{"embeddable":true,"href":"https:\/\/vorumaa.metsauhistu.ee\/en\/wp-json\/wp\/v2\/comments?post=20419"}],"version-history":[{"count":7,"href":"https:\/\/vorumaa.metsauhistu.ee\/en\/wp-json\/wp\/v2\/pages\/20419\/revisions"}],"predecessor-version":[{"id":21245,"href":"https:\/\/vorumaa.metsauhistu.ee\/en\/wp-json\/wp\/v2\/pages\/20419\/revisions\/21245"}],"wp:attachment":[{"href":"https:\/\/vorumaa.metsauhistu.ee\/en\/wp-json\/wp\/v2\/media?parent=20419"}],"curies":[{"name":"wp","href":"https:\/\/api.w.org\/{rel}","templated":true}]}}