{"id":19062,"date":"2020-09-28T10:51:53","date_gmt":"2020-09-28T08:51:53","guid":{"rendered":"http:\/\/vorumaa.metsauhistu.ee\/?page_id=19062"},"modified":"2025-07-01T12:27:07","modified_gmt":"2025-07-01T10:27:07","slug":"parandkultuuri-sailitamise-toetus","status":"publish","type":"page","link":"https:\/\/vorumaa.metsauhistu.ee\/en\/parandkultuuri-sailitamise-toetus\/","title":{"rendered":"P\u00e4randkultuuri s\u00e4ilitamise toetus"},"content":{"rendered":"\n<p>P\u00e4randkultuuri s\u00e4ilitamise toetus aitab Sul tagada p\u00e4randkultuuriobjekti s\u00e4ilimise ning tutvustada seda avalikkusele. Toetus katab kuni 80% allpool toodud tegevuste kuludest, kuid mitte rohkem kui 3 196 \u20ac p\u00e4randkultuuri objekti kohta kalendriaastas.<\/p>\n\n\n\n<p>Toetus katab j\u00e4rgnevad tegevused:<\/p>\n\n\n\n<ul class=\"wp-block-list\">\n<li>erametsamaal paikneva p\u00e4randkultuuriobjekti korrastamise, hooldamise, s\u00e4ilitamise, t\u00e4histamise, sellele avaliku juurdep\u00e4\u00e4su tagamise, eksponeerimise, kaardistamise ja arhiivimaterjalide kogumise kulud<\/li>\n\n\n\n<li>oma t\u00f6\u00f6<\/li>\n\n\n\n<li>konsulendi hinnangu tasu p\u00e4randkultuuriobjekti toetamise ja tehtavate t\u00f6\u00f6de vajalikkuse, mahu ja maksumuse kohta<\/li>\n\n\n\n<li>konsulendi hinnangu tasu tehtud t\u00f6\u00f6de kvaliteedile<\/li>\n<\/ul>\n\n\n\n<div style=\"height:20px\" aria-hidden=\"true\" class=\"wp-block-spacer\"><\/div>\n\n\n\n<p><strong>Oluline teada<\/strong><\/p>\n\n\n\n<ul class=\"wp-block-list\">\n<li>Toetuse taotlemiseks vajalik hinnang t\u00f6\u00f6de tegemiseks v\u00f5ib olla vormistatud taotluse esitamise eelneval kalendriaastal, kuid t\u00f6\u00f6dega v\u00f5ib alustada p\u00e4rast taotluse esitamist. <\/li>\n\n\n\n<li>Toetust saavad objektd peavad olema <a href=\"https:\/\/www.eelis.ee\/default.aspx?id=-294849174&amp;state=1;-164545161;est;eelisand;;\" target=\"_blank\" aria-label=\"undefined (opens in a new tab)\" rel=\"noreferrer noopener\">Eesti Looduse Infos\u00fcsteemi<\/a>&nbsp;p\u00e4randkultuuri objektide nimekirjas.<\/li>\n<\/ul>\n\n\n\n<p>Toetuse taotluse esitamise t\u00e4htaeg on 21. juuli 2025.<\/p>\n\n\n\n<div style=\"height:20px\" aria-hidden=\"true\" class=\"wp-block-spacer\"><\/div>\n\n\n\n<p><strong>Teenustasu<\/strong><br>Toetuse taotlemisel metsa\u00fchistu abiga teenustasu ei lisandu.<\/p>\n\n\n\n<div style=\"height:36px\" aria-hidden=\"true\" class=\"wp-block-spacer\"><\/div>\n\n\n\n<div class=\"wp-block-group broneeri\"><div class=\"wp-block-group__inner-container is-layout-flow wp-block-group-is-layout-flow\">\n<p class=\"letter-spacing\"><strong>TAOTLE TOETUST<\/strong><\/p>\n\n\n\n<p class=\"subheading\">Toetuse taotlemiseks v\u00f5ta meiega \u00fchendust.<\/p>\n\n\n\n<div class=\"wp-block-columns is-layout-flex wp-container-core-columns-is-layout-1 wp-block-columns-is-layout-flex\">\n<div class=\"wp-block-column ikoonid is-layout-flow wp-block-column-is-layout-flow\" style=\"flex-basis:10%\">\n<div id=\"wp-block-themeisle-blocks-font-awesome-icons-d1070b66\" class=\"wp-block-themeisle-blocks-font-awesome-icons\"><span class=\"wp-block-themeisle-blocks-font-awesome-icons-container\"><i class=\"fas fa-phone-alt\"><\/i><\/span><\/div>\n\n\n\n<div id=\"wp-block-themeisle-blocks-font-awesome-icons-b9fd4d22\" class=\"wp-block-themeisle-blocks-font-awesome-icons\"><span class=\"wp-block-themeisle-blocks-font-awesome-icons-container\"><i class=\"far fa-envelope\"><\/i><\/span><\/div>\n\n\n\n<div id=\"wp-block-themeisle-blocks-font-awesome-icons-ccb36fc4\" class=\"wp-block-themeisle-blocks-font-awesome-icons\"><span class=\"wp-block-themeisle-blocks-font-awesome-icons-container\"><i class=\"fas fa-map-marker-alt\"><\/i><\/span><\/div>\n<\/div>\n\n\n\n<div class=\"wp-block-column infoveerg is-layout-flow wp-block-column-is-layout-flow\" style=\"flex-basis:66.66%\">\n<p>+372 522 9424<\/p>\n\n\n\n<p><span style=\"text-decoration: underline;\"><a href=\"mailto:vorumaa@metsauhistu.ee\">vorumaa@metsauhistu.ee<\/a><\/span><\/p>\n\n\n\n<p>Pikk 4, V\u00f5ru  &#8211;  <span style=\"text-decoration: underline;\"><a href=\"https:\/\/goo.gl\/maps\/iN6dWZMm6tM35Qfs6\" target=\"_blank\" aria-label=\"undefined (opens in a new tab)\" rel=\"noreferrer noopener\">Vaata asukohta kaardil<\/a><\/span><\/p>\n<\/div>\n<\/div>\n<\/div><\/div>\n","protected":false},"excerpt":{"rendered":"<p>P\u00e4randkultuuri s\u00e4ilitamise toetus aitab Sul tagada p\u00e4randkultuuriobjekti s\u00e4ilimise ning tutvustada seda avalikkusele. Toetus katab kuni 80% allpool toodud tegevuste kuludest, kuid mitte rohkem kui 3 196 \u20ac p\u00e4randkultuuri objekti kohta kalendriaastas. Toetus katab j\u00e4rgnevad tegevused: Oluline teada Toetuse taotluse esitamise t\u00e4htaeg on 21. juuli 2025. TeenustasuToetuse taotlemisel metsa\u00fchistu abiga teenustasu ei lisandu. TAOTLE TOETUST Toetuse &hellip; <a href=\"https:\/\/vorumaa.metsauhistu.ee\/en\/parandkultuuri-sailitamise-toetus\/\">J\u00e4tkub<\/a><\/p>\n","protected":false},"author":1,"featured_media":0,"parent":0,"menu_order":0,"comment_status":"closed","ping_status":"closed","template":"","meta":{"inline_featured_image":false,"_lmt_disableupdate":"no","_lmt_disable":"","_themeisle_gutenberg_block_has_review":false,"footnotes":""},"class_list":["post-19062","page","type-page","status-publish","hentry"],"acf":{"post_custom_id":"","image":"https:\/\/vorumaa.metsauhistu.ee\/wp-content\/uploads\/sites\/10\/2020\/09\/metsandustoetused-teenused-metsauhistu.jpg","peida_otsingus":false},"yoast_head":"<!-- This site is optimized with the Yoast SEO plugin v23.3 - https:\/\/yoast.com\/wordpress\/plugins\/seo\/ -->\n<title>P\u00e4randkultuuri s\u00e4ilitamise toetus - V\u00f5rumaa Metsa\u00fchistu<\/title>\n<meta name=\"robots\" content=\"index, follow, max-snippet:-1, max-image-preview:large, max-video-preview:-1\" \/>\n<link rel=\"canonical\" href=\"https:\/\/vorumaa.metsauhistu.ee\/en\/parandkultuuri-sailitamise-toetus\/\" \/>\n<meta property=\"og:locale\" content=\"en_US\" \/>\n<meta property=\"og:type\" content=\"article\" \/>\n<meta property=\"og:title\" content=\"P\u00e4randkultuuri s\u00e4ilitamise toetus - V\u00f5rumaa Metsa\u00fchistu\" \/>\n<meta property=\"og:description\" content=\"P\u00e4randkultuuri s\u00e4ilitamise toetus aitab Sul tagada p\u00e4randkultuuriobjekti s\u00e4ilimise ning tutvustada seda avalikkusele. Toetus katab kuni 80% allpool toodud tegevuste kuludest, kuid mitte rohkem kui 3 196 \u20ac p\u00e4randkultuuri objekti kohta kalendriaastas. Toetus katab j\u00e4rgnevad tegevused: Oluline teada Toetuse taotluse esitamise t\u00e4htaeg on 21. juuli 2025. TeenustasuToetuse taotlemisel metsa\u00fchistu abiga teenustasu ei lisandu. TAOTLE TOETUST Toetuse &hellip; J\u00e4tkub\" \/>\n<meta property=\"og:url\" content=\"https:\/\/vorumaa.metsauhistu.ee\/en\/parandkultuuri-sailitamise-toetus\/\" \/>\n<meta property=\"og:site_name\" content=\"V\u00f5rumaa Metsa\u00fchistu\" \/>\n<meta property=\"article:publisher\" content=\"http:\/\/facebook.com\/vorumaa.metsauhistu\" \/>\n<meta property=\"article:modified_time\" content=\"2025-07-01T10:27:07+00:00\" \/>\n<meta name=\"twitter:card\" content=\"summary_large_image\" \/>\n<meta name=\"twitter:label1\" content=\"Est. reading time\" \/>\n\t<meta name=\"twitter:data1\" content=\"1 minute\" \/>\n<script type=\"application\/ld+json\" class=\"yoast-schema-graph\">{\"@context\":\"https:\/\/schema.org\",\"@graph\":[{\"@type\":\"WebPage\",\"@id\":\"https:\/\/vorumaa.metsauhistu.ee\/en\/parandkultuuri-sailitamise-toetus\/\",\"url\":\"https:\/\/vorumaa.metsauhistu.ee\/en\/parandkultuuri-sailitamise-toetus\/\",\"name\":\"P\u00e4randkultuuri s\u00e4ilitamise toetus - V\u00f5rumaa Metsa\u00fchistu\",\"isPartOf\":{\"@id\":\"https:\/\/vorumaa.metsauhistu.ee\/en\/#website\"},\"datePublished\":\"2020-09-28T08:51:53+00:00\",\"dateModified\":\"2025-07-01T10:27:07+00:00\",\"breadcrumb\":{\"@id\":\"https:\/\/vorumaa.metsauhistu.ee\/en\/parandkultuuri-sailitamise-toetus\/#breadcrumb\"},\"inLanguage\":\"en-US\",\"potentialAction\":[{\"@type\":\"ReadAction\",\"target\":[\"https:\/\/vorumaa.metsauhistu.ee\/en\/parandkultuuri-sailitamise-toetus\/\"]}]},{\"@type\":\"BreadcrumbList\",\"@id\":\"https:\/\/vorumaa.metsauhistu.ee\/en\/parandkultuuri-sailitamise-toetus\/#breadcrumb\",\"itemListElement\":[{\"@type\":\"ListItem\",\"position\":1,\"name\":\"Home\",\"item\":\"https:\/\/vorumaa.metsauhistu.ee\/en\/\"},{\"@type\":\"ListItem\",\"position\":2,\"name\":\"P\u00e4randkultuuri s\u00e4ilitamise toetus\"}]},{\"@type\":\"WebSite\",\"@id\":\"https:\/\/vorumaa.metsauhistu.ee\/en\/#website\",\"url\":\"https:\/\/vorumaa.metsauhistu.ee\/en\/\",\"name\":\"V\u00f5rumaa Metsa\u00fchistu\",\"description\":\"Majandame metsa \u00fcheskoos vastutustundlikult\",\"publisher\":{\"@id\":\"https:\/\/vorumaa.metsauhistu.ee\/en\/#organization\"},\"potentialAction\":[{\"@type\":\"SearchAction\",\"target\":{\"@type\":\"EntryPoint\",\"urlTemplate\":\"https:\/\/vorumaa.metsauhistu.ee\/en\/?s={search_term_string}\"},\"query-input\":\"required name=search_term_string\"}],\"inLanguage\":\"en-US\"},{\"@type\":\"Organization\",\"@id\":\"https:\/\/vorumaa.metsauhistu.ee\/en\/#organization\",\"name\":\"V\u00f5rumaa Metsa\u00fchistu\",\"url\":\"https:\/\/vorumaa.metsauhistu.ee\/en\/\",\"logo\":{\"@type\":\"ImageObject\",\"inLanguage\":\"en-US\",\"@id\":\"https:\/\/vorumaa.metsauhistu.ee\/en\/#\/schema\/logo\/image\/\",\"url\":\"https:\/\/vorumaa.metsauhistu.ee\/wp-content\/uploads\/sites\/10\/2024\/07\/MU_Vorumaa_logo_colour.png\",\"contentUrl\":\"https:\/\/vorumaa.metsauhistu.ee\/wp-content\/uploads\/sites\/10\/2024\/07\/MU_Vorumaa_logo_colour.png\",\"width\":995,\"height\":195,\"caption\":\"V\u00f5rumaa Metsa\u00fchistu\"},\"image\":{\"@id\":\"https:\/\/vorumaa.metsauhistu.ee\/en\/#\/schema\/logo\/image\/\"},\"sameAs\":[\"http:\/\/facebook.com\/vorumaa.metsauhistu\",\"https:\/\/www.instagram.com\/metsauhistu\/\",\"https:\/\/www.youtube.com\/@metsauhistu6878\"]}]}<\/script>\n<!-- \/ Yoast SEO plugin. -->","yoast_head_json":{"title":"P\u00e4randkultuuri s\u00e4ilitamise toetus - V\u00f5rumaa Metsa\u00fchistu","robots":{"index":"index","follow":"follow","max-snippet":"max-snippet:-1","max-image-preview":"max-image-preview:large","max-video-preview":"max-video-preview:-1"},"canonical":"https:\/\/vorumaa.metsauhistu.ee\/en\/parandkultuuri-sailitamise-toetus\/","og_locale":"en_US","og_type":"article","og_title":"P\u00e4randkultuuri s\u00e4ilitamise toetus - V\u00f5rumaa Metsa\u00fchistu","og_description":"P\u00e4randkultuuri s\u00e4ilitamise toetus aitab Sul tagada p\u00e4randkultuuriobjekti s\u00e4ilimise ning tutvustada seda avalikkusele. Toetus katab kuni 80% allpool toodud tegevuste kuludest, kuid mitte rohkem kui 3 196 \u20ac p\u00e4randkultuuri objekti kohta kalendriaastas. Toetus katab j\u00e4rgnevad tegevused: Oluline teada Toetuse taotluse esitamise t\u00e4htaeg on 21. juuli 2025. TeenustasuToetuse taotlemisel metsa\u00fchistu abiga teenustasu ei lisandu. TAOTLE TOETUST Toetuse &hellip; J\u00e4tkub","og_url":"https:\/\/vorumaa.metsauhistu.ee\/en\/parandkultuuri-sailitamise-toetus\/","og_site_name":"V\u00f5rumaa Metsa\u00fchistu","article_publisher":"http:\/\/facebook.com\/vorumaa.metsauhistu","article_modified_time":"2025-07-01T10:27:07+00:00","twitter_card":"summary_large_image","twitter_misc":{"Est. reading time":"1 minute"},"schema":{"@context":"https:\/\/schema.org","@graph":[{"@type":"WebPage","@id":"https:\/\/vorumaa.metsauhistu.ee\/en\/parandkultuuri-sailitamise-toetus\/","url":"https:\/\/vorumaa.metsauhistu.ee\/en\/parandkultuuri-sailitamise-toetus\/","name":"P\u00e4randkultuuri s\u00e4ilitamise toetus - V\u00f5rumaa Metsa\u00fchistu","isPartOf":{"@id":"https:\/\/vorumaa.metsauhistu.ee\/en\/#website"},"datePublished":"2020-09-28T08:51:53+00:00","dateModified":"2025-07-01T10:27:07+00:00","breadcrumb":{"@id":"https:\/\/vorumaa.metsauhistu.ee\/en\/parandkultuuri-sailitamise-toetus\/#breadcrumb"},"inLanguage":"en-US","potentialAction":[{"@type":"ReadAction","target":["https:\/\/vorumaa.metsauhistu.ee\/en\/parandkultuuri-sailitamise-toetus\/"]}]},{"@type":"BreadcrumbList","@id":"https:\/\/vorumaa.metsauhistu.ee\/en\/parandkultuuri-sailitamise-toetus\/#breadcrumb","itemListElement":[{"@type":"ListItem","position":1,"name":"Home","item":"https:\/\/vorumaa.metsauhistu.ee\/en\/"},{"@type":"ListItem","position":2,"name":"P\u00e4randkultuuri s\u00e4ilitamise toetus"}]},{"@type":"WebSite","@id":"https:\/\/vorumaa.metsauhistu.ee\/en\/#website","url":"https:\/\/vorumaa.metsauhistu.ee\/en\/","name":"V\u00f5rumaa Metsa\u00fchistu","description":"Majandame metsa \u00fcheskoos vastutustundlikult","publisher":{"@id":"https:\/\/vorumaa.metsauhistu.ee\/en\/#organization"},"potentialAction":[{"@type":"SearchAction","target":{"@type":"EntryPoint","urlTemplate":"https:\/\/vorumaa.metsauhistu.ee\/en\/?s={search_term_string}"},"query-input":"required name=search_term_string"}],"inLanguage":"en-US"},{"@type":"Organization","@id":"https:\/\/vorumaa.metsauhistu.ee\/en\/#organization","name":"V\u00f5rumaa Metsa\u00fchistu","url":"https:\/\/vorumaa.metsauhistu.ee\/en\/","logo":{"@type":"ImageObject","inLanguage":"en-US","@id":"https:\/\/vorumaa.metsauhistu.ee\/en\/#\/schema\/logo\/image\/","url":"https:\/\/vorumaa.metsauhistu.ee\/wp-content\/uploads\/sites\/10\/2024\/07\/MU_Vorumaa_logo_colour.png","contentUrl":"https:\/\/vorumaa.metsauhistu.ee\/wp-content\/uploads\/sites\/10\/2024\/07\/MU_Vorumaa_logo_colour.png","width":995,"height":195,"caption":"V\u00f5rumaa Metsa\u00fchistu"},"image":{"@id":"https:\/\/vorumaa.metsauhistu.ee\/en\/#\/schema\/logo\/image\/"},"sameAs":["http:\/\/facebook.com\/vorumaa.metsauhistu","https:\/\/www.instagram.com\/metsauhistu\/","https:\/\/www.youtube.com\/@metsauhistu6878"]}]}},"_links":{"self":[{"href":"https:\/\/vorumaa.metsauhistu.ee\/en\/wp-json\/wp\/v2\/pages\/19062"}],"collection":[{"href":"https:\/\/vorumaa.metsauhistu.ee\/en\/wp-json\/wp\/v2\/pages"}],"about":[{"href":"https:\/\/vorumaa.metsauhistu.ee\/en\/wp-json\/wp\/v2\/types\/page"}],"author":[{"embeddable":true,"href":"https:\/\/vorumaa.metsauhistu.ee\/en\/wp-json\/wp\/v2\/users\/1"}],"replies":[{"embeddable":true,"href":"https:\/\/vorumaa.metsauhistu.ee\/en\/wp-json\/wp\/v2\/comments?post=19062"}],"version-history":[{"count":15,"href":"https:\/\/vorumaa.metsauhistu.ee\/en\/wp-json\/wp\/v2\/pages\/19062\/revisions"}],"predecessor-version":[{"id":21160,"href":"https:\/\/vorumaa.metsauhistu.ee\/en\/wp-json\/wp\/v2\/pages\/19062\/revisions\/21160"}],"wp:attachment":[{"href":"https:\/\/vorumaa.metsauhistu.ee\/en\/wp-json\/wp\/v2\/media?parent=19062"}],"curies":[{"name":"wp","href":"https:\/\/api.w.org\/{rel}","templated":true}]}}